{"id":8,"date":"2024-04-30T13:05:51","date_gmt":"2024-04-30T11:05:51","guid":{"rendered":"https:\/\/veterinka.uvlf.sk\/?page_id=8"},"modified":"2024-05-24T12:41:43","modified_gmt":"2024-05-24T10:41:43","slug":"o-nas","status":"publish","type":"page","link":"https:\/\/veterinka.uvlf.sk\/","title":{"rendered":"Domov"},"content":{"rendered":"\n<h2 class=\"wp-block-heading\"><strong>Kontakt<\/strong><\/h2>\n\n\n\n<p>Matersk\u00e1 \u0161kola Univerzity veterin\u00e1rskeho lek\u00e1rstva a farm\u00e1cie v Ko\u0161iciach <br>Komensk\u00e9ho 73 <br>041 81 Ko\u0161ice<\/p>\n\n\n\n<p><b>Poveren\u00e1 riadite\u013eka<\/b> <br>Andrea Ki\u0161\u0161ov\u00e1 <br><i class=\"fa-solid fa-envelope\"><\/i> <a href=\"mailto:andrea.kissova@uvlf.sk\">andrea.kissova@uvlf.sk<\/a> <br><i class=\"fa-solid fa-phone\"><\/i> +421 905 201 664<\/p>\n\n\n\n<p>\n<i class=\"fa-solid fa-square-up-right\"><\/i> <a href=\"veterinka.uvlf.sk\">veterinka.uvlf.sk<\/a>\n<br><i class=\"fa-solid fa-envelope\"><\/i> <a href=\"mailto:veterinka@uvlf.sk\">veterinka@uvlf.sk<\/a><\/p>\n\n\n\n<p><b>Kde n\u00e1s n\u00e1jdete?<\/b> <br><i class=\"fa-solid fa-location-dot\"><\/i> <a href=\"https:\/\/maps.app.goo.gl\/fKGEPC5bttgj6M2s9\" target=\"_blank\" rel=\"noopener\">Pavil\u00f3n \u010d. 13 \u2013 priamo v centre are\u00e1lu<\/a><\/p>\n","protected":false},"excerpt":{"rendered":"<p>Kontakt Matersk\u00e1 \u0161kola Univerzity veterin\u00e1rskeho lek\u00e1rstva a farm\u00e1cie v Ko\u0161iciach Komensk\u00e9ho 73 041 81 Ko\u0161ice Poveren\u00e1 riadite\u013eka Andrea Ki\u0161\u0161ov\u00e1 andrea.kissova@uvlf.sk +421 905 201 664 veterinka.uvlf.sk [&hellip;]<\/p>\n","protected":false},"author":1,"featured_media":0,"parent":0,"menu_order":0,"comment_status":"closed","ping_status":"closed","template":"","meta":{"inline_featured_image":false,"footnotes":""},"class_list":["post-8","page","type-page","status-publish","hentry"],"_links":{"self":[{"href":"https:\/\/veterinka.uvlf.sk\/index.php?rest_route=\/wp\/v2\/pages\/8","targetHints":{"allow":["GET"]}}],"collection":[{"href":"https:\/\/veterinka.uvlf.sk\/index.php?rest_route=\/wp\/v2\/pages"}],"about":[{"href":"https:\/\/veterinka.uvlf.sk\/index.php?rest_route=\/wp\/v2\/types\/page"}],"author":[{"embeddable":true,"href":"https:\/\/veterinka.uvlf.sk\/index.php?rest_route=\/wp\/v2\/users\/1"}],"replies":[{"embeddable":true,"href":"https:\/\/veterinka.uvlf.sk\/index.php?rest_route=%2Fwp%2Fv2%2Fcomments&post=8"}],"version-history":[{"count":5,"href":"https:\/\/veterinka.uvlf.sk\/index.php?rest_route=\/wp\/v2\/pages\/8\/revisions"}],"predecessor-version":[{"id":169,"href":"https:\/\/veterinka.uvlf.sk\/index.php?rest_route=\/wp\/v2\/pages\/8\/revisions\/169"}],"wp:attachment":[{"href":"https:\/\/veterinka.uvlf.sk\/index.php?rest_route=%2Fwp%2Fv2%2Fmedia&parent=8"}],"curies":[{"name":"wp","href":"https:\/\/api.w.org\/{rel}","templated":true}]}}