{"id":77,"date":"2024-04-30T14:21:25","date_gmt":"2024-04-30T12:21:25","guid":{"rendered":"https:\/\/veterinka.uvlf.sk\/?page_id=77"},"modified":"2026-01-04T19:03:33","modified_gmt":"2026-01-04T18:03:33","slug":"fotogaleria","status":"publish","type":"page","link":"https:\/\/veterinka.uvlf.sk\/?page_id=77","title":{"rendered":"Fotogal\u00e9ria"},"content":{"rendered":"\n<p class=\"has-blue-color has-text-color has-link-color has-larger-font-size wp-elements-ae53651a9329471faf8efdcaaa1757bc\"><strong>N\u00e1v\u0161teva bud\u00facich veterin\u00e1rov v na\u0161ej \u0161k\u00f4lke<\/strong><\/p>\n\n\n\n<figure class=\"wp-block-gallery has-nested-images columns-default is-cropped wp-block-gallery-1 is-layout-flex wp-block-gallery-is-layout-flex\">\n<figure class=\"wp-block-image size-full\"><img loading=\"lazy\" decoding=\"async\" width=\"1536\" height=\"2048\" data-id=\"332\" src=\"https:\/\/veterinka.uvlf.sk\/wp-content\/uploads\/2026\/01\/590227106_25747848921487980_5003490056298539782_n.jpg\" alt=\"\" class=\"wp-image-332\" srcset=\"https:\/\/veterinka.uvlf.sk\/wp-content\/uploads\/2026\/01\/590227106_25747848921487980_5003490056298539782_n.jpg 1536w, https:\/\/veterinka.uvlf.sk\/wp-content\/uploads\/2026\/01\/590227106_25747848921487980_5003490056298539782_n-225x300.jpg 225w, https:\/\/veterinka.uvlf.sk\/wp-content\/uploads\/2026\/01\/590227106_25747848921487980_5003490056298539782_n-768x1024.jpg 768w, https:\/\/veterinka.uvlf.sk\/wp-content\/uploads\/2026\/01\/590227106_25747848921487980_5003490056298539782_n-1152x1536.jpg 1152w\" sizes=\"auto, (max-width: 1536px) 100vw, 1536px\" \/><\/figure>\n\n\n\n<figure class=\"wp-block-image size-large\"><img loading=\"lazy\" decoding=\"async\" width=\"768\" height=\"1024\" data-id=\"333\" src=\"https:\/\/veterinka.uvlf.sk\/wp-content\/uploads\/2026\/01\/592091713_25747848824821323_3520504656975340647_n-768x1024.jpg\" alt=\"\" class=\"wp-image-333\" srcset=\"https:\/\/veterinka.uvlf.sk\/wp-content\/uploads\/2026\/01\/592091713_25747848824821323_3520504656975340647_n-768x1024.jpg 768w, https:\/\/veterinka.uvlf.sk\/wp-content\/uploads\/2026\/01\/592091713_25747848824821323_3520504656975340647_n-225x300.jpg 225w, https:\/\/veterinka.uvlf.sk\/wp-content\/uploads\/2026\/01\/592091713_25747848824821323_3520504656975340647_n-1152x1536.jpg 1152w, https:\/\/veterinka.uvlf.sk\/wp-content\/uploads\/2026\/01\/592091713_25747848824821323_3520504656975340647_n.jpg 1536w\" sizes=\"auto, (max-width: 768px) 100vw, 768px\" \/><\/figure>\n\n\n\n<figure class=\"wp-block-image size-large is-style-default\"><img loading=\"lazy\" decoding=\"async\" width=\"768\" height=\"1024\" data-id=\"331\" src=\"https:\/\/veterinka.uvlf.sk\/wp-content\/uploads\/2026\/01\/591427125_25747848568154682_4556116714191772606_n-768x1024.jpg\" alt=\"\" class=\"wp-image-331\" srcset=\"https:\/\/veterinka.uvlf.sk\/wp-content\/uploads\/2026\/01\/591427125_25747848568154682_4556116714191772606_n-768x1024.jpg 768w, https:\/\/veterinka.uvlf.sk\/wp-content\/uploads\/2026\/01\/591427125_25747848568154682_4556116714191772606_n-225x300.jpg 225w, https:\/\/veterinka.uvlf.sk\/wp-content\/uploads\/2026\/01\/591427125_25747848568154682_4556116714191772606_n-1152x1536.jpg 1152w, https:\/\/veterinka.uvlf.sk\/wp-content\/uploads\/2026\/01\/591427125_25747848568154682_4556116714191772606_n.jpg 1536w\" sizes=\"auto, (max-width: 768px) 100vw, 768px\" \/><\/figure>\n<\/figure>\n","protected":false},"excerpt":{"rendered":"<p>N\u00e1v\u0161teva bud\u00facich veterin\u00e1rov v na\u0161ej \u0161k\u00f4lke<\/p>\n","protected":false},"author":1,"featured_media":48,"parent":0,"menu_order":0,"comment_status":"closed","ping_status":"closed","template":"","meta":{"inline_featured_image":false,"footnotes":""},"class_list":["post-77","page","type-page","status-publish","has-post-thumbnail","hentry"],"_links":{"self":[{"href":"https:\/\/veterinka.uvlf.sk\/index.php?rest_route=\/wp\/v2\/pages\/77","targetHints":{"allow":["GET"]}}],"collection":[{"href":"https:\/\/veterinka.uvlf.sk\/index.php?rest_route=\/wp\/v2\/pages"}],"about":[{"href":"https:\/\/veterinka.uvlf.sk\/index.php?rest_route=\/wp\/v2\/types\/page"}],"author":[{"embeddable":true,"href":"https:\/\/veterinka.uvlf.sk\/index.php?rest_route=\/wp\/v2\/users\/1"}],"replies":[{"embeddable":true,"href":"https:\/\/veterinka.uvlf.sk\/index.php?rest_route=%2Fwp%2Fv2%2Fcomments&post=77"}],"version-history":[{"count":4,"href":"https:\/\/veterinka.uvlf.sk\/index.php?rest_route=\/wp\/v2\/pages\/77\/revisions"}],"predecessor-version":[{"id":330,"href":"https:\/\/veterinka.uvlf.sk\/index.php?rest_route=\/wp\/v2\/pages\/77\/revisions\/330"}],"wp:featuredmedia":[{"embeddable":true,"href":"https:\/\/veterinka.uvlf.sk\/index.php?rest_route=\/wp\/v2\/media\/48"}],"wp:attachment":[{"href":"https:\/\/veterinka.uvlf.sk\/index.php?rest_route=%2Fwp%2Fv2%2Fmedia&parent=77"}],"curies":[{"name":"wp","href":"https:\/\/api.w.org\/{rel}","templated":true}]}}