{"id":437,"date":"2026-03-22T10:21:02","date_gmt":"2026-03-22T09:21:02","guid":{"rendered":"https:\/\/veterinka.uvlf.sk\/?page_id=437"},"modified":"2026-03-22T18:30:03","modified_gmt":"2026-03-22T17:30:03","slug":"zapis-deti-do-ms","status":"publish","type":"page","link":"https:\/\/veterinka.uvlf.sk\/?page_id=437","title":{"rendered":"Z\u00e1pis det\u00ed do M\u0160"},"content":{"rendered":"\n<p><strong>**Z\u00e1pis do Materskej \u0161koly<\/strong><\/p>\n\n\n\n<p><strong>Univerzity veterin\u00e1rskeho lek\u00e1rstva a farm\u00e1cie v Ko\u0161iciach**<\/strong><\/p>\n\n\n\n<p><strong>TERM\u00cdNY POD\u00c1VANIA PRIHL\u00c1\u0160OK<\/strong><\/p>\n\n\n\n<p>Elektronick\u00e1 prihl\u00e1\u0161ka (ePrihl\u00e1\u0161ka):<br>01.05.2026\u2013 31.05.2026<\/p>\n\n\n\n<p>Listinn\u00e1 prihl\u00e1\u0161ka:<br>Pondelok 04.05.2026 od 8:00 do 13:00<br>Utorok 05.05.2026 od 11:00 do 16:00<\/p>\n\n\n\n<p>Prihl\u00e1\u0161ku je mo\u017en\u00e9 poda\u0165 elektronicky prostredn\u00edctvom port\u00e1lu:<br><a href=\"https:\/\/eprihlasky.iedu.sk\/Pomoc-a-podpora\/Materske-skoly\">https:\/\/eprihlasky.iedu.sk\/Pomoc-a-podpora\/Materske-skoly<\/a><\/p>\n\n\n\n<p>In\u0161trukt\u00e1\u017ene vide\u00e1:<br><a href=\"https:\/\/eprihlasky.iedu.sk\/#instruktazne-videa\">https:\/\/eprihlasky.iedu.sk\/#instruktazne-videa<\/a><\/p>\n\n\n\n<p><strong>PODMIENKY PRIJATIA<\/strong><\/p>\n\n\n\n<p>Do materskej \u0161koly sa deti prij\u00edmaj\u00fa na z\u00e1klade:<\/p>\n\n\n\n<ul class=\"wp-block-list\">\n<li>prihl\u00e1\u0161ky, ktorej s\u00fa\u010das\u0165ou je potvrdenie o zdravotnej sp\u00f4sobilosti od pediatra (vr\u00e1tane \u00fadaja o povinnom o\u010dkovan\u00ed),<\/li>\n\n\n\n<li>prihl\u00e1\u0161ka mus\u00ed by\u0165 podp\u00edsan\u00e1 oboma z\u00e1konn\u00fdmi z\u00e1stupcami die\u0165a\u0165a (pod\u013ea rodn\u00e9ho listu).<\/li>\n<\/ul>\n\n\n\n<p>V pr\u00edpade die\u0165a\u0165a so zdravotn\u00fdm znev\u00fdhodnen\u00edm je potrebn\u00e9 dolo\u017ei\u0165:<\/p>\n\n\n\n<ul class=\"wp-block-list\">\n<li>potvrdenie o zdravotnej sp\u00f4sobilosti,<\/li>\n\n\n\n<li>spr\u00e1vu z diagnostick\u00e9ho vy\u0161etrenia zariadenia poradenstva a prevencie,<\/li>\n\n\n\n<li>odpor\u00fa\u010danie pediatra.<\/li>\n<\/ul>\n\n\n\n<p><strong>PREDNOSTNE PRIJ\u00cdMAME<\/strong><\/p>\n\n\n\n<ul class=\"wp-block-list\">\n<li>deti zamestnancov, \u0161tudentov a doktorandov UVLF,<\/li>\n\n\n\n<li>s\u00farodencov det\u00ed nav\u0161tevuj\u00facich M\u0160,<\/li>\n\n\n\n<li>deti s povinn\u00fdm predprim\u00e1rnym vzdel\u00e1van\u00edm,<\/li>\n\n\n\n<li>deti, ktor\u00e9 maj\u00fa pr\u00e1vo na prijatie na predprim\u00e1rne vzdel\u00e1vanie.<\/li>\n<\/ul>\n\n\n\n<p><strong>\u010eAL\u0160IE PODMIENKY<\/strong><\/p>\n\n\n\n<ul class=\"wp-block-list\">\n<li>v\u00fdnimo\u010dne mo\u017eno prija\u0165 die\u0165a od 2 rokov (pri vo\u013enej kapacite),<\/li>\n\n\n\n<li>die\u0165a mus\u00ed ma\u0165 osvojen\u00e9 hygienick\u00e9 n\u00e1vyky (bez plienok).<\/li>\n<\/ul>\n\n\n\n<p><strong>Kontakt<\/strong><\/p>\n\n\n\n<p>\ud83d\udcde +421 905 201&nbsp;664<\/p>\n\n\n\n<p><strong>Web:<\/strong> veterinka.uvlf.sk<\/p>\n\n\n\n<p><strong>Te\u0161\u00edme sa na V\u00e1s.<\/strong><strong><\/strong><\/p>\n\n\n\n<p>Prihl\u00e1\u0161ka na vzdel\u00e1vanie v materskej \u0161kole <a href=\"https:\/\/veterinka.uvlf.sk\/wp-content\/uploads\/2026\/03\/Prihlaska_na_vzdelavanie_v_materskej_skole.pdf\">https:\/\/veterinka.uvlf.sk\/wp-content\/uploads\/2026\/03\/Prihlaska_na_vzdelavanie_v_materskej_skole.pdf<\/a><\/p>\n\n\n\n<p>Potvrdenie o zdravotnej sp\u00f4sobilosti die\u0165a\u0165a <a href=\"https:\/\/veterinka.uvlf.sk\/wp-content\/uploads\/2026\/03\/Potvrdenie_o_zdravotnej_sposobilosti.pdf\">https:\/\/veterinka.uvlf.sk\/wp-content\/uploads\/2026\/03\/Potvrdenie_o_zdravotnej_sposobilosti.pdf<\/a><\/p>\n","protected":false},"excerpt":{"rendered":"<p>**Z\u00e1pis do Materskej \u0161koly Univerzity veterin\u00e1rskeho lek\u00e1rstva a farm\u00e1cie v Ko\u0161iciach** TERM\u00cdNY POD\u00c1VANIA PRIHL\u00c1\u0160OK Elektronick\u00e1 prihl\u00e1\u0161ka (ePrihl\u00e1\u0161ka):01.05.2026\u2013 31.05.2026 Listinn\u00e1 prihl\u00e1\u0161ka:Pondelok 04.05.2026 od 8:00 do 13:00Utorok [&hellip;]<\/p>\n","protected":false},"author":2,"featured_media":0,"parent":0,"menu_order":0,"comment_status":"closed","ping_status":"closed","template":"","meta":{"inline_featured_image":false,"footnotes":""},"class_list":["post-437","page","type-page","status-publish","hentry"],"_links":{"self":[{"href":"https:\/\/veterinka.uvlf.sk\/index.php?rest_route=\/wp\/v2\/pages\/437","targetHints":{"allow":["GET"]}}],"collection":[{"href":"https:\/\/veterinka.uvlf.sk\/index.php?rest_route=\/wp\/v2\/pages"}],"about":[{"href":"https:\/\/veterinka.uvlf.sk\/index.php?rest_route=\/wp\/v2\/types\/page"}],"author":[{"embeddable":true,"href":"https:\/\/veterinka.uvlf.sk\/index.php?rest_route=\/wp\/v2\/users\/2"}],"replies":[{"embeddable":true,"href":"https:\/\/veterinka.uvlf.sk\/index.php?rest_route=%2Fwp%2Fv2%2Fcomments&post=437"}],"version-history":[{"count":5,"href":"https:\/\/veterinka.uvlf.sk\/index.php?rest_route=\/wp\/v2\/pages\/437\/revisions"}],"predecessor-version":[{"id":461,"href":"https:\/\/veterinka.uvlf.sk\/index.php?rest_route=\/wp\/v2\/pages\/437\/revisions\/461"}],"wp:attachment":[{"href":"https:\/\/veterinka.uvlf.sk\/index.php?rest_route=%2Fwp%2Fv2%2Fmedia&parent=437"}],"curies":[{"name":"wp","href":"https:\/\/api.w.org\/{rel}","templated":true}]}}