{"id":327,"date":"2026-01-04T18:51:41","date_gmt":"2026-01-04T17:51:41","guid":{"rendered":"https:\/\/veterinka.uvlf.sk\/?page_id=327"},"modified":"2026-04-09T20:36:22","modified_gmt":"2026-04-09T18:36:22","slug":"akcie","status":"publish","type":"page","link":"https:\/\/veterinka.uvlf.sk\/?page_id=327","title":{"rendered":"Akcie"},"content":{"rendered":"<div class=\"wp-block-image\">\n<figure class=\"aligncenter size-medium\"><img loading=\"lazy\" decoding=\"async\" width=\"300\" height=\"102\" src=\"https:\/\/veterinka.uvlf.sk\/wp-content\/uploads\/2026\/04\/Snimka2-300x102.jpg\" alt=\"\" class=\"wp-image-463\" srcset=\"https:\/\/veterinka.uvlf.sk\/wp-content\/uploads\/2026\/04\/Snimka2-300x102.jpg 300w, https:\/\/veterinka.uvlf.sk\/wp-content\/uploads\/2026\/04\/Snimka2-1024x348.jpg 1024w, https:\/\/veterinka.uvlf.sk\/wp-content\/uploads\/2026\/04\/Snimka2-768x261.jpg 768w, https:\/\/veterinka.uvlf.sk\/wp-content\/uploads\/2026\/04\/Snimka2.jpg 1040w\" sizes=\"auto, (max-width: 300px) 100vw, 300px\" \/><\/figure>\n<\/div>\n\n\n<figure class=\"wp-block-image size-medium\"><img loading=\"lazy\" decoding=\"async\" width=\"200\" height=\"300\" src=\"https:\/\/veterinka.uvlf.sk\/wp-content\/uploads\/2026\/04\/ChatGPT-Image-9.-4.-2026-20_35_30-200x300.png\" alt=\"\" class=\"wp-image-466\" srcset=\"https:\/\/veterinka.uvlf.sk\/wp-content\/uploads\/2026\/04\/ChatGPT-Image-9.-4.-2026-20_35_30-200x300.png 200w, https:\/\/veterinka.uvlf.sk\/wp-content\/uploads\/2026\/04\/ChatGPT-Image-9.-4.-2026-20_35_30-683x1024.png 683w, https:\/\/veterinka.uvlf.sk\/wp-content\/uploads\/2026\/04\/ChatGPT-Image-9.-4.-2026-20_35_30-768x1152.png 768w, https:\/\/veterinka.uvlf.sk\/wp-content\/uploads\/2026\/04\/ChatGPT-Image-9.-4.-2026-20_35_30.png 1024w\" sizes=\"auto, (max-width: 200px) 100vw, 200px\" \/><\/figure>\n\n\n<div class=\"wp-block-image\">\n<figure class=\"aligncenter size-medium\"><img loading=\"lazy\" decoding=\"async\" width=\"300\" height=\"102\" src=\"https:\/\/veterinka.uvlf.sk\/wp-content\/uploads\/2026\/03\/marec-3-300x102.jpg\" alt=\"\" class=\"wp-image-390\" srcset=\"https:\/\/veterinka.uvlf.sk\/wp-content\/uploads\/2026\/03\/marec-3-300x102.jpg 300w, https:\/\/veterinka.uvlf.sk\/wp-content\/uploads\/2026\/03\/marec-3-1024x350.jpg 1024w, https:\/\/veterinka.uvlf.sk\/wp-content\/uploads\/2026\/03\/marec-3-768x262.jpg 768w, https:\/\/veterinka.uvlf.sk\/wp-content\/uploads\/2026\/03\/marec-3.jpg 1040w\" sizes=\"auto, (max-width: 300px) 100vw, 300px\" \/><\/figure>\n<\/div>\n\n\n<div class=\"wp-block-columns is-layout-flex wp-container-core-columns-is-layout-9d6595d7 wp-block-columns-is-layout-flex\">\n<div class=\"wp-block-column is-layout-flow wp-block-column-is-layout-flow\" style=\"flex-basis:33.34%\">\n<figure class=\"wp-block-image size-medium\"><img loading=\"lazy\" decoding=\"async\" width=\"200\" height=\"300\" src=\"https:\/\/veterinka.uvlf.sk\/wp-content\/uploads\/2026\/03\/ChatGPT-Image-20.-3.-2026-17_36_09-200x300.png\" alt=\"\" class=\"wp-image-426\" srcset=\"https:\/\/veterinka.uvlf.sk\/wp-content\/uploads\/2026\/03\/ChatGPT-Image-20.-3.-2026-17_36_09-200x300.png 200w, https:\/\/veterinka.uvlf.sk\/wp-content\/uploads\/2026\/03\/ChatGPT-Image-20.-3.-2026-17_36_09-683x1024.png 683w, https:\/\/veterinka.uvlf.sk\/wp-content\/uploads\/2026\/03\/ChatGPT-Image-20.-3.-2026-17_36_09-768x1152.png 768w, https:\/\/veterinka.uvlf.sk\/wp-content\/uploads\/2026\/03\/ChatGPT-Image-20.-3.-2026-17_36_09.png 1024w\" sizes=\"auto, (max-width: 200px) 100vw, 200px\" \/><\/figure>\n<\/div>\n\n\n\n<div class=\"wp-block-column is-layout-flow wp-block-column-is-layout-flow\" style=\"flex-basis:33.34%\">\n<figure class=\"wp-block-image size-large\"><img loading=\"lazy\" decoding=\"async\" width=\"683\" height=\"1024\" src=\"https:\/\/veterinka.uvlf.sk\/wp-content\/uploads\/2026\/03\/ChatGPT-Image-20.-3.-2026-18_10_21-683x1024.png\" alt=\"\" class=\"wp-image-430\" srcset=\"https:\/\/veterinka.uvlf.sk\/wp-content\/uploads\/2026\/03\/ChatGPT-Image-20.-3.-2026-18_10_21-683x1024.png 683w, https:\/\/veterinka.uvlf.sk\/wp-content\/uploads\/2026\/03\/ChatGPT-Image-20.-3.-2026-18_10_21-200x300.png 200w, https:\/\/veterinka.uvlf.sk\/wp-content\/uploads\/2026\/03\/ChatGPT-Image-20.-3.-2026-18_10_21-768x1152.png 768w, https:\/\/veterinka.uvlf.sk\/wp-content\/uploads\/2026\/03\/ChatGPT-Image-20.-3.-2026-18_10_21.png 1024w\" sizes=\"auto, (max-width: 683px) 100vw, 683px\" \/><\/figure>\n<\/div>\n\n\n\n<div class=\"wp-block-column is-layout-flow wp-block-column-is-layout-flow\" style=\"flex-basis:33.33%\"><\/div>\n<\/div>\n\n\n\n<p class=\"has-text-align-center\">V r\u00e1mci sprievodn\u00e9ho vzdel\u00e1vacieho opatrenia \u0160kolsk\u00e9ho programu sa \u017eiaci z\u00fa\u010dastnia vzdel\u00e1vacej aktivity<\/p>\n\n\n\n<p class=\"has-text-align-center\"><strong> &#8222;ZDRAV\u00dd TANIER&#8220;<\/strong><\/p>\n\n\n\n<p class=\"has-text-align-center\"> zameranej na podporu zdrav\u00e9ho stravovania a budovanie spr\u00e1vnych v\u00fd\u017eivov\u00fdch n\u00e1vykov.<\/p>\n\n\n\n<p class=\"has-text-align-center\">Po\u010das aktivity sa obozn\u00e1mia s princ\u00edpom potravinovej pyram\u00eddy, v\u00fdznamom pitn\u00e9ho re\u017eimu a d\u00f4le\u017eitos\u0165ou konzum\u00e1cie ovocia, zeleniny a celozrnn\u00fdch v\u00fdrobkov. S\u00fa\u010das\u0165ou bude aj ochutn\u00e1vka r\u00f4znych odr\u00f4d jab\u013ak a 100 % ovocn\u00fdch \u0161tiav.<\/p>\n\n\n\n<p class=\"has-text-align-center\">Materi\u00e1l k vzdel\u00e1vacej aktivite bol \u0161kole dodan\u00fd bezplatne. Sprievodn\u00e9 opatrenia programu \u0160kolsk\u00e9 ovocie s\u00fa financovan\u00e9 zo zdrojov E\u00da a \u010diasto\u010dne prepl\u00e1can\u00e9 v r\u00e1mci programu. Firma Plantex, s.r.o. \u2013 V\u00e1\u0161 dod\u00e1vate\u013e \u0161kolsk\u00e9ho ovocia, dodala materi\u00e1l k vzdel\u00e1vacej aktivite v r\u00e1mci programu \u0160kolsk\u00e9 ovocie.<\/p>\n\n\n<div class=\"wp-block-image\">\n<figure class=\"aligncenter size-medium\"><img loading=\"lazy\" decoding=\"async\" width=\"200\" height=\"300\" src=\"https:\/\/veterinka.uvlf.sk\/wp-content\/uploads\/2026\/03\/Zdravy-tanier-a-podpora-stravovania-1-1-200x300.png\" alt=\"\" class=\"wp-image-412\" srcset=\"https:\/\/veterinka.uvlf.sk\/wp-content\/uploads\/2026\/03\/Zdravy-tanier-a-podpora-stravovania-1-1-200x300.png 200w, https:\/\/veterinka.uvlf.sk\/wp-content\/uploads\/2026\/03\/Zdravy-tanier-a-podpora-stravovania-1-1-683x1024.png 683w, https:\/\/veterinka.uvlf.sk\/wp-content\/uploads\/2026\/03\/Zdravy-tanier-a-podpora-stravovania-1-1-768x1152.png 768w, https:\/\/veterinka.uvlf.sk\/wp-content\/uploads\/2026\/03\/Zdravy-tanier-a-podpora-stravovania-1-1.png 1024w\" sizes=\"auto, (max-width: 200px) 100vw, 200px\" \/><\/figure>\n<\/div>\n\n\n<div class=\"wp-block-columns is-layout-flex wp-container-core-columns-is-layout-9d6595d7 wp-block-columns-is-layout-flex\">\n<div class=\"wp-block-column is-layout-flow wp-block-column-is-layout-flow\">\n<figure class=\"wp-block-image size-medium\"><img loading=\"lazy\" decoding=\"async\" width=\"300\" height=\"300\" src=\"https:\/\/veterinka.uvlf.sk\/wp-content\/uploads\/2026\/03\/Tsek1-300x300.png\" alt=\"\" class=\"wp-image-402\" srcset=\"https:\/\/veterinka.uvlf.sk\/wp-content\/uploads\/2026\/03\/Tsek1-300x300.png 300w, https:\/\/veterinka.uvlf.sk\/wp-content\/uploads\/2026\/03\/Tsek1-150x150.png 150w, https:\/\/veterinka.uvlf.sk\/wp-content\/uploads\/2026\/03\/Tsek1-768x768.png 768w, https:\/\/veterinka.uvlf.sk\/wp-content\/uploads\/2026\/03\/Tsek1.png 1000w\" sizes=\"auto, (max-width: 300px) 100vw, 300px\" \/><\/figure>\n<\/div>\n\n\n\n<div class=\"wp-block-column is-layout-flow wp-block-column-is-layout-flow\">\n<figure class=\"wp-block-image size-large\"><img loading=\"lazy\" decoding=\"async\" width=\"683\" height=\"1024\" src=\"https:\/\/veterinka.uvlf.sk\/wp-content\/uploads\/2026\/03\/Dizajn-bez-nazvu-1-683x1024.png\" alt=\"\" class=\"wp-image-419\" srcset=\"https:\/\/veterinka.uvlf.sk\/wp-content\/uploads\/2026\/03\/Dizajn-bez-nazvu-1-683x1024.png 683w, https:\/\/veterinka.uvlf.sk\/wp-content\/uploads\/2026\/03\/Dizajn-bez-nazvu-1-200x300.png 200w, https:\/\/veterinka.uvlf.sk\/wp-content\/uploads\/2026\/03\/Dizajn-bez-nazvu-1-768x1152.png 768w, https:\/\/veterinka.uvlf.sk\/wp-content\/uploads\/2026\/03\/Dizajn-bez-nazvu-1.png 1024w\" sizes=\"auto, (max-width: 683px) 100vw, 683px\" \/><\/figure>\n<\/div>\n\n\n\n<div class=\"wp-block-column is-layout-flow wp-block-column-is-layout-flow\">\n<figure class=\"wp-block-gallery has-nested-images columns-default is-cropped wp-block-gallery-1 is-layout-flex wp-block-gallery-is-layout-flex\">\n<figure class=\"wp-block-image size-large is-resized is-style-default\"><img loading=\"lazy\" decoding=\"async\" width=\"1000\" height=\"1000\" data-id=\"407\" src=\"https:\/\/veterinka.uvlf.sk\/wp-content\/uploads\/2026\/03\/Dizajn-bez-nazvu.png\" alt=\"\" class=\"wp-image-407\" style=\"object-fit:cover;width:300px;height:auto\" srcset=\"https:\/\/veterinka.uvlf.sk\/wp-content\/uploads\/2026\/03\/Dizajn-bez-nazvu.png 1000w, https:\/\/veterinka.uvlf.sk\/wp-content\/uploads\/2026\/03\/Dizajn-bez-nazvu-300x300.png 300w, https:\/\/veterinka.uvlf.sk\/wp-content\/uploads\/2026\/03\/Dizajn-bez-nazvu-150x150.png 150w, https:\/\/veterinka.uvlf.sk\/wp-content\/uploads\/2026\/03\/Dizajn-bez-nazvu-768x768.png 768w\" sizes=\"auto, (max-width: 1000px) 100vw, 1000px\" \/><\/figure>\n<\/figure>\n<\/div>\n<\/div>\n\n\n<div class=\"wp-block-image\">\n<figure class=\"aligncenter size-medium\"><img loading=\"lazy\" decoding=\"async\" width=\"300\" height=\"103\" src=\"https:\/\/veterinka.uvlf.sk\/wp-content\/uploads\/2026\/02\/Snimka12-2-300x103.jpg\" alt=\"\" class=\"wp-image-357\" srcset=\"https:\/\/veterinka.uvlf.sk\/wp-content\/uploads\/2026\/02\/Snimka12-2-300x103.jpg 300w, https:\/\/veterinka.uvlf.sk\/wp-content\/uploads\/2026\/02\/Snimka12-2-1024x352.jpg 1024w, https:\/\/veterinka.uvlf.sk\/wp-content\/uploads\/2026\/02\/Snimka12-2-768x264.jpg 768w, https:\/\/veterinka.uvlf.sk\/wp-content\/uploads\/2026\/02\/Snimka12-2.jpg 1040w\" sizes=\"auto, (max-width: 300px) 100vw, 300px\" \/><\/figure>\n<\/div>\n\n\n<div class=\"wp-block-columns is-layout-flex wp-container-core-columns-is-layout-9d6595d7 wp-block-columns-is-layout-flex\">\n<div class=\"wp-block-column is-layout-flow wp-block-column-is-layout-flow\" style=\"flex-basis:33.34%\">\n<figure class=\"wp-block-image size-full\"><img loading=\"lazy\" decoding=\"async\" width=\"466\" height=\"684\" src=\"https:\/\/veterinka.uvlf.sk\/wp-content\/uploads\/2026\/02\/615834537_26165353319737536_5492221786442045124_n-e1771483690798.jpg\" alt=\"\" class=\"wp-image-358\" srcset=\"https:\/\/veterinka.uvlf.sk\/wp-content\/uploads\/2026\/02\/615834537_26165353319737536_5492221786442045124_n-e1771483690798.jpg 466w, https:\/\/veterinka.uvlf.sk\/wp-content\/uploads\/2026\/02\/615834537_26165353319737536_5492221786442045124_n-e1771483690798-204x300.jpg 204w\" sizes=\"auto, (max-width: 466px) 100vw, 466px\" \/><\/figure>\n<\/div>\n\n\n\n<div class=\"wp-block-column is-layout-flow wp-block-column-is-layout-flow\" style=\"flex-basis:33.34%\">\n<figure class=\"wp-block-image size-large\"><img loading=\"lazy\" decoding=\"async\" width=\"575\" height=\"1024\" src=\"https:\/\/veterinka.uvlf.sk\/wp-content\/uploads\/2026\/02\/Dok121_page-0001-2-e1771483514575-575x1024.jpg\" alt=\"\" class=\"wp-image-362\" srcset=\"https:\/\/veterinka.uvlf.sk\/wp-content\/uploads\/2026\/02\/Dok121_page-0001-2-e1771483514575-575x1024.jpg 575w, https:\/\/veterinka.uvlf.sk\/wp-content\/uploads\/2026\/02\/Dok121_page-0001-2-e1771483514575-169x300.jpg 169w, https:\/\/veterinka.uvlf.sk\/wp-content\/uploads\/2026\/02\/Dok121_page-0001-2-e1771483514575-768x1367.jpg 768w, https:\/\/veterinka.uvlf.sk\/wp-content\/uploads\/2026\/02\/Dok121_page-0001-2-e1771483514575-863x1536.jpg 863w, https:\/\/veterinka.uvlf.sk\/wp-content\/uploads\/2026\/02\/Dok121_page-0001-2-e1771483514575.jpg 892w\" sizes=\"auto, (max-width: 575px) 100vw, 575px\" \/><\/figure>\n<\/div>\n\n\n\n<div class=\"wp-block-column is-layout-flow wp-block-column-is-layout-flow\" style=\"flex-basis:33.33%\">\n<figure class=\"wp-block-image size-large\"><img loading=\"lazy\" decoding=\"async\" width=\"1021\" height=\"1024\" src=\"https:\/\/veterinka.uvlf.sk\/wp-content\/uploads\/2026\/02\/KURZ-LADOVEHO-KORCULOVANIA_page-0001-e1771483559776-1021x1024.jpg\" alt=\"\" class=\"wp-image-368\" srcset=\"https:\/\/veterinka.uvlf.sk\/wp-content\/uploads\/2026\/02\/KURZ-LADOVEHO-KORCULOVANIA_page-0001-e1771483559776-1021x1024.jpg 1021w, https:\/\/veterinka.uvlf.sk\/wp-content\/uploads\/2026\/02\/KURZ-LADOVEHO-KORCULOVANIA_page-0001-e1771483559776-300x300.jpg 300w, https:\/\/veterinka.uvlf.sk\/wp-content\/uploads\/2026\/02\/KURZ-LADOVEHO-KORCULOVANIA_page-0001-e1771483559776-150x150.jpg 150w, https:\/\/veterinka.uvlf.sk\/wp-content\/uploads\/2026\/02\/KURZ-LADOVEHO-KORCULOVANIA_page-0001-e1771483559776-768x770.jpg 768w, https:\/\/veterinka.uvlf.sk\/wp-content\/uploads\/2026\/02\/KURZ-LADOVEHO-KORCULOVANIA_page-0001-e1771483559776.jpg 1102w\" sizes=\"auto, (max-width: 1021px) 100vw, 1021px\" \/><\/figure>\n<\/div>\n<\/div>\n\n\n\n<div class=\"wp-block-columns is-layout-flex wp-container-core-columns-is-layout-9d6595d7 wp-block-columns-is-layout-flex\">\n<div class=\"wp-block-column is-layout-flow wp-block-column-is-layout-flow\"><\/div>\n\n\n\n<div class=\"wp-block-column is-layout-flow wp-block-column-is-layout-flow\">\n<figure class=\"wp-block-image size-full\"><img loading=\"lazy\" decoding=\"async\" width=\"526\" height=\"789\" src=\"https:\/\/veterinka.uvlf.sk\/wp-content\/uploads\/2026\/02\/616392094_25924645810481452_6949077297534017382_n.jpg\" alt=\"\" class=\"wp-image-370\" srcset=\"https:\/\/veterinka.uvlf.sk\/wp-content\/uploads\/2026\/02\/616392094_25924645810481452_6949077297534017382_n.jpg 526w, https:\/\/veterinka.uvlf.sk\/wp-content\/uploads\/2026\/02\/616392094_25924645810481452_6949077297534017382_n-200x300.jpg 200w\" sizes=\"auto, (max-width: 526px) 100vw, 526px\" \/><\/figure>\n<\/div>\n\n\n\n<div class=\"wp-block-column is-layout-flow wp-block-column-is-layout-flow\"><\/div>\n<\/div>\n\n\n\n<hr class=\"wp-block-separator has-alpha-channel-opacity\"\/>\n\n\n<div class=\"wp-block-image\">\n<figure class=\"aligncenter size-medium\"><img loading=\"lazy\" decoding=\"async\" width=\"300\" height=\"104\" src=\"https:\/\/veterinka.uvlf.sk\/wp-content\/uploads\/2026\/01\/Snimka11-300x104.jpg\" alt=\"\" class=\"wp-image-340\" srcset=\"https:\/\/veterinka.uvlf.sk\/wp-content\/uploads\/2026\/01\/Snimka11-300x104.jpg 300w, https:\/\/veterinka.uvlf.sk\/wp-content\/uploads\/2026\/01\/Snimka11-1024x354.jpg 1024w, https:\/\/veterinka.uvlf.sk\/wp-content\/uploads\/2026\/01\/Snimka11-768x266.jpg 768w, https:\/\/veterinka.uvlf.sk\/wp-content\/uploads\/2026\/01\/Snimka11.jpg 1040w\" sizes=\"auto, (max-width: 300px) 100vw, 300px\" \/><\/figure>\n<\/div>\n\n\n<div class=\"wp-block-columns is-layout-flex wp-container-core-columns-is-layout-9d6595d7 wp-block-columns-is-layout-flex\">\n<div class=\"wp-block-column is-layout-flow wp-block-column-is-layout-flow\">\n<figure class=\"wp-block-image size-large\"><img loading=\"lazy\" decoding=\"async\" width=\"724\" height=\"1024\" src=\"https:\/\/veterinka.uvlf.sk\/wp-content\/uploads\/2026\/01\/dod_page-0001-724x1024.jpg\" alt=\"\" class=\"wp-image-350\"\/><\/figure>\n<\/div>\n\n\n\n<div class=\"wp-block-column is-layout-flow wp-block-column-is-layout-flow\">\n<figure class=\"wp-block-image size-large\"><img loading=\"lazy\" decoding=\"async\" width=\"725\" height=\"1024\" src=\"https:\/\/veterinka.uvlf.sk\/wp-content\/uploads\/2026\/01\/Dok21_page-0001-725x1024.jpg\" alt=\"\" class=\"wp-image-339\"\/><\/figure>\n<\/div>\n\n\n\n<div class=\"wp-block-column is-layout-flow wp-block-column-is-layout-flow\">\n<figure class=\"wp-block-image size-full\"><img loading=\"lazy\" decoding=\"async\" width=\"510\" height=\"489\" src=\"https:\/\/veterinka.uvlf.sk\/wp-content\/uploads\/2026\/01\/pokusy_page-0001-6.jpg\" alt=\"\" class=\"wp-image-351\" srcset=\"https:\/\/veterinka.uvlf.sk\/wp-content\/uploads\/2026\/01\/pokusy_page-0001-6.jpg 510w, https:\/\/veterinka.uvlf.sk\/wp-content\/uploads\/2026\/01\/pokusy_page-0001-6-300x288.jpg 300w\" sizes=\"auto, (max-width: 510px) 100vw, 510px\" \/><\/figure>\n<\/div>\n<\/div>\n","protected":false},"excerpt":{"rendered":"<p>V r\u00e1mci sprievodn\u00e9ho vzdel\u00e1vacieho opatrenia \u0160kolsk\u00e9ho programu sa \u017eiaci z\u00fa\u010dastnia vzdel\u00e1vacej aktivity &#8222;ZDRAV\u00dd TANIER&#8220; zameranej na podporu zdrav\u00e9ho stravovania a budovanie spr\u00e1vnych v\u00fd\u017eivov\u00fdch n\u00e1vykov. Po\u010das [&hellip;]<\/p>\n","protected":false},"author":2,"featured_media":0,"parent":0,"menu_order":0,"comment_status":"closed","ping_status":"closed","template":"","meta":{"inline_featured_image":false,"footnotes":""},"class_list":["post-327","page","type-page","status-publish","hentry"],"_links":{"self":[{"href":"https:\/\/veterinka.uvlf.sk\/index.php?rest_route=\/wp\/v2\/pages\/327","targetHints":{"allow":["GET"]}}],"collection":[{"href":"https:\/\/veterinka.uvlf.sk\/index.php?rest_route=\/wp\/v2\/pages"}],"about":[{"href":"https:\/\/veterinka.uvlf.sk\/index.php?rest_route=\/wp\/v2\/types\/page"}],"author":[{"embeddable":true,"href":"https:\/\/veterinka.uvlf.sk\/index.php?rest_route=\/wp\/v2\/users\/2"}],"replies":[{"embeddable":true,"href":"https:\/\/veterinka.uvlf.sk\/index.php?rest_route=%2Fwp%2Fv2%2Fcomments&post=327"}],"version-history":[{"count":30,"href":"https:\/\/veterinka.uvlf.sk\/index.php?rest_route=\/wp\/v2\/pages\/327\/revisions"}],"predecessor-version":[{"id":467,"href":"https:\/\/veterinka.uvlf.sk\/index.php?rest_route=\/wp\/v2\/pages\/327\/revisions\/467"}],"wp:attachment":[{"href":"https:\/\/veterinka.uvlf.sk\/index.php?rest_route=%2Fwp%2Fv2%2Fmedia&parent=327"}],"curies":[{"name":"wp","href":"https:\/\/api.w.org\/{rel}","templated":true}]}}