{"id":324,"date":"2026-01-04T18:50:13","date_gmt":"2026-01-04T17:50:13","guid":{"rendered":"https:\/\/veterinka.uvlf.sk\/?page_id=324"},"modified":"2026-01-04T18:50:13","modified_gmt":"2026-01-04T17:50:13","slug":"rada-skoly","status":"publish","type":"page","link":"https:\/\/veterinka.uvlf.sk\/?page_id=324","title":{"rendered":"Rada \u0161koly"},"content":{"rendered":"\n<p class=\"has-green-color has-text-color has-link-color has-larger-font-size wp-elements-d350c3041bc2b54a6e548faae26f5437\"><strong><em>\u010clenovia rady \u0161koly<\/em>:<\/strong><\/p>\n\n\n\n<p><strong>PhDr. \u013dudmila Kundr\u00edkov\u00e1<\/strong> &#8211; predseda Rady \u0161koly, z\u00e1stupca zria\u010fovate\u013ea<\/p>\n\n\n\n<p><strong>Mgr. Jana Bobrunkov\u00e1<\/strong> &#8211; z\u00e1stupca zria\u010fovate\u013ea\u00a0\u00a0\u00a0\u00a0\u00a0\u00a0<\/p>\n\n\n\n<p><strong>Alexandra Krup\u00e1\u0161ov\u00e1 <\/strong>&#8211; z\u00e1stupca pedagogick\u00fdch \u00a0\u00a0zamestnancov<\/p>\n\n\n\n<p><strong>Alexandra Poll\u00e1kov\u00e1\u00a0\u00a0<\/strong>\u00a0\u00a0\u00a0\u00a0 &#8211; z\u00e1stupca nepedagogick\u00fdch zamestnancov<\/p>\n\n\n\n<p><strong>Ing. Andrejkovi\u010d Marek, PhD.<\/strong> &#8211; z\u00e1stupca rodi\u010dov<\/p>\n\n\n\n<p><\/p>\n","protected":false},"excerpt":{"rendered":"<p>\u010clenovia rady \u0161koly: PhDr. \u013dudmila Kundr\u00edkov\u00e1 &#8211; predseda Rady \u0161koly, z\u00e1stupca zria\u010fovate\u013ea Mgr. Jana Bobrunkov\u00e1 &#8211; z\u00e1stupca zria\u010fovate\u013ea\u00a0\u00a0\u00a0\u00a0\u00a0\u00a0 Alexandra Krup\u00e1\u0161ov\u00e1 &#8211; z\u00e1stupca pedagogick\u00fdch \u00a0\u00a0zamestnancov Alexandra [&hellip;]<\/p>\n","protected":false},"author":2,"featured_media":0,"parent":0,"menu_order":0,"comment_status":"closed","ping_status":"closed","template":"","meta":{"inline_featured_image":false,"footnotes":""},"class_list":["post-324","page","type-page","status-publish","hentry"],"_links":{"self":[{"href":"https:\/\/veterinka.uvlf.sk\/index.php?rest_route=\/wp\/v2\/pages\/324","targetHints":{"allow":["GET"]}}],"collection":[{"href":"https:\/\/veterinka.uvlf.sk\/index.php?rest_route=\/wp\/v2\/pages"}],"about":[{"href":"https:\/\/veterinka.uvlf.sk\/index.php?rest_route=\/wp\/v2\/types\/page"}],"author":[{"embeddable":true,"href":"https:\/\/veterinka.uvlf.sk\/index.php?rest_route=\/wp\/v2\/users\/2"}],"replies":[{"embeddable":true,"href":"https:\/\/veterinka.uvlf.sk\/index.php?rest_route=%2Fwp%2Fv2%2Fcomments&post=324"}],"version-history":[{"count":1,"href":"https:\/\/veterinka.uvlf.sk\/index.php?rest_route=\/wp\/v2\/pages\/324\/revisions"}],"predecessor-version":[{"id":325,"href":"https:\/\/veterinka.uvlf.sk\/index.php?rest_route=\/wp\/v2\/pages\/324\/revisions\/325"}],"wp:attachment":[{"href":"https:\/\/veterinka.uvlf.sk\/index.php?rest_route=%2Fwp%2Fv2%2Fmedia&parent=324"}],"curies":[{"name":"wp","href":"https:\/\/api.w.org\/{rel}","templated":true}]}}