{"id":309,"date":"2026-01-04T11:21:21","date_gmt":"2026-01-04T10:21:21","guid":{"rendered":"https:\/\/veterinka.uvlf.sk\/?page_id=309"},"modified":"2026-01-04T11:21:21","modified_gmt":"2026-01-04T10:21:21","slug":"projekty","status":"publish","type":"page","link":"https:\/\/veterinka.uvlf.sk\/?page_id=309","title":{"rendered":"Projekty"},"content":{"rendered":"\n<p class=\"has-green-color has-text-color has-link-color has-larger-font-size wp-elements-a4132198b48dd75787a5155a48c62a00\"><strong>ENVIRONMENT\u00c1LNY PROJEKT<\/strong><\/p>\n\n\n\n<div class=\"wp-block-media-text is-stacked-on-mobile\" style=\"grid-template-columns:35% auto\"><figure class=\"wp-block-media-text__media\"><img loading=\"lazy\" decoding=\"async\" width=\"736\" height=\"736\" src=\"https:\/\/veterinka.uvlf.sk\/wp-content\/uploads\/2026\/01\/enviro-3.jpg\" alt=\"\" class=\"wp-image-313 size-full\" srcset=\"https:\/\/veterinka.uvlf.sk\/wp-content\/uploads\/2026\/01\/enviro-3.jpg 736w, https:\/\/veterinka.uvlf.sk\/wp-content\/uploads\/2026\/01\/enviro-3-300x300.jpg 300w, https:\/\/veterinka.uvlf.sk\/wp-content\/uploads\/2026\/01\/enviro-3-150x150.jpg 150w\" sizes=\"auto, (max-width: 736px) 100vw, 736px\" \/><\/figure><div class=\"wp-block-media-text__content\">\n<p class=\"has-regular-font-size\"><strong>Cie\u013e projektu:<\/strong>. Rozv\u00edja\u0165 u\u00a0det\u00ed pozit\u00edvny vz\u0165ah k\u00a0pr\u00edrode a\u00a0\u017eivotn\u00e9mu prostrediu prostredn\u00edctvom z\u00e1\u017eitkov\u00e9ho u\u010denia, praktick\u00fdch aktiv\u00edt a\u00a0ka\u017edodenn\u00fdch \u010dinnost\u00ed v\u00a0materskej \u0161kole. Projekt kladie d\u00f4raz na\u00a0ochranu pr\u00edrody, zodpovedn\u00e9 spr\u00e1vanie a\u00a0formovanie environment\u00e1lneho myslenia. S\u00fa\u010das\u0165ou cie\u013ea je aj akt\u00edvna podpora pr\u00edrodovednej gramotnosti, ktor\u00e1 de\u0165om umo\u017e\u0148uje lep\u0161ie ch\u00e1pa\u0165 s\u00favislosti medzi\u00a0\u010dlovekom a\u00a0pr\u00edrodou.\u00a0<strong>Hlavn\u00fd v\u00fdznam projektu:<\/strong>\u00a0je budova\u0165 u\u00a0det\u00ed pozit\u00edvny vz\u0165ah k\u00a0pr\u00edrode a\u00a0vies\u0165 ich k\u00a0zodpovedn\u00e9mu spr\u00e1vaniu vo\u010di \u017eivotn\u00e9mu prostrediu. Prostredn\u00edctvom z\u00e1\u017eitkov\u00fdch aktiv\u00edt, hier a\u00a0praktick\u00fdch \u010dinnost\u00ed si deti postupne osvojuj\u00fa z\u00e1klady environment\u00e1lneho spr\u00e1vania, u\u010dia sa vn\u00edma\u0165 hodnotu pr\u00edrodn\u00fdch zdrojov a\u00a0ch\u00e1pa\u0165 svoju zodpovednos\u0165 za\u00a0ich ochranu. Projekt rozv\u00edja environment\u00e1lne povedomie, podporuje spr\u00e1vne n\u00e1vyky (napr. triedenie odpadu, starostlivos\u0165 o\u00a0rastliny), prep\u00e1ja v\u00fdchovu s\u00a0praktick\u00fdm \u017eivotom a\u00a0zap\u00e1ja aj rodi\u010dov \u010di\u00a0komunitu. \u0160pecifikom na\u0161ej materskej \u0161koly pri\u00a0Univerzite veterin\u00e1rskeho lek\u00e1rstva a\u00a0farm\u00e1cie je mo\u017enos\u0165 \u00fazkej spolupr\u00e1ce s\u00a0univerzitou, ktor\u00e1 de\u0165om sprostredk\u00fava autentick\u00e9 z\u00e1\u017eitky zo\u00a0sveta zvierat a\u00a0pr\u00edrody, a\u00a0t\u00fdm e\u0161te viac prehlbuje ich vz\u0165ah k\u00a0\u017eiv\u00e9mu prostrediu.<\/p>\n<\/div><\/div>\n\n\n\n<p class=\"has-red-color has-text-color has-link-color has-larger-font-size wp-elements-8e154716c9e27a52af6462979c34e441\"><strong>STROMY A ICH \u010cARO<\/strong><\/p>\n\n\n\n<ul id=\"text3_BoxV_3\" class=\"wp-block-list\"><\/ul>\n\n\n\n<div class=\"wp-block-media-text is-stacked-on-mobile\" style=\"grid-template-columns:30% auto\"><figure class=\"wp-block-media-text__media\"><img loading=\"lazy\" decoding=\"async\" width=\"1024\" height=\"834\" src=\"https:\/\/veterinka.uvlf.sk\/wp-content\/uploads\/2026\/01\/strom-1024x834.jpg\" alt=\"\" class=\"wp-image-315 size-full\" srcset=\"https:\/\/veterinka.uvlf.sk\/wp-content\/uploads\/2026\/01\/strom-1024x834.jpg 1024w, https:\/\/veterinka.uvlf.sk\/wp-content\/uploads\/2026\/01\/strom-300x244.jpg 300w, https:\/\/veterinka.uvlf.sk\/wp-content\/uploads\/2026\/01\/strom-768x625.jpg 768w, https:\/\/veterinka.uvlf.sk\/wp-content\/uploads\/2026\/01\/strom.jpg 1280w\" sizes=\"auto, (max-width: 1024px) 100vw, 1024px\" \/><\/figure><div class=\"wp-block-media-text__content\">\n<p><strong>Cie<\/strong><strong>\u013e projektu:\u00a0<\/strong>z\u00edska\u0165 povedomie o\u00a0celom ekologickom syst\u00e9me, v\u00a0ktorom s\u00fa\u00a0 navz\u00e1jom posp\u00e1jan\u00e9 po\u010detn\u00e9 druhy rastl\u00edn a\u00a0\u017eivo\u010d\u00edchov. Podporova\u0165 u\u00a0det\u00ed environment\u00e1lne c\u00edtenie a\u00a0zvedavos\u0165 po\u00a0poznan\u00ed.Akt\u00edvne podporova\u0165 pr\u00edrodovedn\u00fa gramotnos\u0165.<strong>Hlavn\u00fd v\u00fdznam projektu:<\/strong>\u00a0 je, \u017ee die\u0165a sa nau\u010d\u00ed pozn\u00e1va\u0165, sk\u00fama\u0165 obklopuj\u00facu realitu v\u00a0okol\u00ed, v\u00a0ktorom \u017eije. Nau\u010d\u00ed sa z\u00edskava\u0165 poznatky z\u00a0prostredia vlastnou sk\u00fasenos\u0165ou a\u00a0bude si vedie\u0165 utv\u00e1ra\u0165 objekt\u00edvne inform\u00e1cie o\u00a0realite. Projekt podporuje detsk\u00e9 poznanie a\u00a0nasycuje dostato\u010dn\u00fdm mno\u017estvom pr\u00edle\u017eitost\u00ed na\u00a0sk\u00famanie a\u00a0b\u00e1danie. Rozv\u00edja poznanie die\u0165a\u0165a obklopuj\u00facej reality v\u00a0exteri\u00e9ri materskej \u0161koly. Je zameran\u00fd na\u00a0zaznamen\u00e1vanie zmien stromov, toho, \u010do\u00a0sa nach\u00e1dza na\u00a0strome, pod\u00a0stromom po\u010das \u0161tyroch ro\u010dn\u00fdch obdob\u00ed. Budeme objavova\u0165 jednotu \u010dloveka s\u00a0pr\u00edrodou, jej ochranu a\u00a0starostlivos\u0165 o\u00a0\u0148u. V\u00a0na\u0161om projekte sa zameriame na\u00a0z\u00edskavanie inform\u00e1ci\u00ed vlastnou sk\u00fasenos\u0165ou a\u00a0manipul\u00e1ciou s\u00a0re\u00e1lnymi predmetmi vo\u00a0svojom okol\u00ed. Podporova\u0165 u\u00a0det\u00ed environment\u00e1lne c\u00edtenie a\u00a0zvedavos\u0165 po\u00a0poznan\u00ed.<\/p>\n\n\n\n<p><\/p>\n<\/div><\/div>\n\n\n\n<p><\/p>\n","protected":false},"excerpt":{"rendered":"<p>ENVIRONMENT\u00c1LNY PROJEKT Cie\u013e projektu:. Rozv\u00edja\u0165 u\u00a0det\u00ed pozit\u00edvny vz\u0165ah k\u00a0pr\u00edrode a\u00a0\u017eivotn\u00e9mu prostrediu prostredn\u00edctvom z\u00e1\u017eitkov\u00e9ho u\u010denia, praktick\u00fdch aktiv\u00edt a\u00a0ka\u017edodenn\u00fdch \u010dinnost\u00ed v\u00a0materskej \u0161kole. Projekt kladie d\u00f4raz na\u00a0ochranu pr\u00edrody, [&hellip;]<\/p>\n","protected":false},"author":2,"featured_media":0,"parent":0,"menu_order":0,"comment_status":"closed","ping_status":"closed","template":"","meta":{"inline_featured_image":false,"footnotes":""},"class_list":["post-309","page","type-page","status-publish","hentry"],"_links":{"self":[{"href":"https:\/\/veterinka.uvlf.sk\/index.php?rest_route=\/wp\/v2\/pages\/309","targetHints":{"allow":["GET"]}}],"collection":[{"href":"https:\/\/veterinka.uvlf.sk\/index.php?rest_route=\/wp\/v2\/pages"}],"about":[{"href":"https:\/\/veterinka.uvlf.sk\/index.php?rest_route=\/wp\/v2\/types\/page"}],"author":[{"embeddable":true,"href":"https:\/\/veterinka.uvlf.sk\/index.php?rest_route=\/wp\/v2\/users\/2"}],"replies":[{"embeddable":true,"href":"https:\/\/veterinka.uvlf.sk\/index.php?rest_route=%2Fwp%2Fv2%2Fcomments&post=309"}],"version-history":[{"count":1,"href":"https:\/\/veterinka.uvlf.sk\/index.php?rest_route=\/wp\/v2\/pages\/309\/revisions"}],"predecessor-version":[{"id":316,"href":"https:\/\/veterinka.uvlf.sk\/index.php?rest_route=\/wp\/v2\/pages\/309\/revisions\/316"}],"wp:attachment":[{"href":"https:\/\/veterinka.uvlf.sk\/index.php?rest_route=%2Fwp%2Fv2%2Fmedia&parent=309"}],"curies":[{"name":"wp","href":"https:\/\/api.w.org\/{rel}","templated":true}]}}