{"id":295,"date":"2026-01-04T10:36:59","date_gmt":"2026-01-04T09:36:59","guid":{"rendered":"https:\/\/veterinka.uvlf.sk\/?page_id=295"},"modified":"2026-01-04T10:39:48","modified_gmt":"2026-01-04T09:39:48","slug":"zamestnanci","status":"publish","type":"page","link":"https:\/\/veterinka.uvlf.sk\/?page_id=295","title":{"rendered":"Zamestnanci"},"content":{"rendered":"\n<p><strong>Andrea Ki\u0161\u0161ov\u00e1<\/strong> &#8211; riadite\u013eka <\/p>\n\n\n\n<ul id=\"teachers_BoxH_1-1a2625b326dd15b7f8530121513a7d99787ad6b7\" class=\"wp-block-list\"><\/ul>\n\n\n\n<p><strong>Alexandra Krup\u00e1\u0161ov\u00e1<\/strong> &#8211; u\u010dite\u013eka<\/p>\n\n\n\n<p><strong>Alexandra Poll\u00e1kov\u00e1 <\/strong>&#8211; prev\u00e1dzkov\u00fd zamestnanec<\/p>\n\n\n\n<p><\/p>\n","protected":false},"excerpt":{"rendered":"<p>Andrea Ki\u0161\u0161ov\u00e1 &#8211; riadite\u013eka Alexandra Krup\u00e1\u0161ov\u00e1 &#8211; u\u010dite\u013eka Alexandra Poll\u00e1kov\u00e1 &#8211; prev\u00e1dzkov\u00fd zamestnanec<\/p>\n","protected":false},"author":2,"featured_media":0,"parent":0,"menu_order":0,"comment_status":"closed","ping_status":"closed","template":"","meta":{"inline_featured_image":false,"footnotes":""},"class_list":["post-295","page","type-page","status-publish","hentry"],"_links":{"self":[{"href":"https:\/\/veterinka.uvlf.sk\/index.php?rest_route=\/wp\/v2\/pages\/295","targetHints":{"allow":["GET"]}}],"collection":[{"href":"https:\/\/veterinka.uvlf.sk\/index.php?rest_route=\/wp\/v2\/pages"}],"about":[{"href":"https:\/\/veterinka.uvlf.sk\/index.php?rest_route=\/wp\/v2\/types\/page"}],"author":[{"embeddable":true,"href":"https:\/\/veterinka.uvlf.sk\/index.php?rest_route=\/wp\/v2\/users\/2"}],"replies":[{"embeddable":true,"href":"https:\/\/veterinka.uvlf.sk\/index.php?rest_route=%2Fwp%2Fv2%2Fcomments&post=295"}],"version-history":[{"count":3,"href":"https:\/\/veterinka.uvlf.sk\/index.php?rest_route=\/wp\/v2\/pages\/295\/revisions"}],"predecessor-version":[{"id":299,"href":"https:\/\/veterinka.uvlf.sk\/index.php?rest_route=\/wp\/v2\/pages\/295\/revisions\/299"}],"wp:attachment":[{"href":"https:\/\/veterinka.uvlf.sk\/index.php?rest_route=%2Fwp%2Fv2%2Fmedia&parent=295"}],"curies":[{"name":"wp","href":"https:\/\/api.w.org\/{rel}","templated":true}]}}