{"id":27,"date":"2024-04-30T13:45:24","date_gmt":"2024-04-30T11:45:24","guid":{"rendered":"https:\/\/veterinka.uvlf.sk\/?page_id=27"},"modified":"2026-01-04T10:31:41","modified_gmt":"2026-01-04T09:31:41","slug":"o-nas-2","status":"publish","type":"page","link":"https:\/\/veterinka.uvlf.sk\/?page_id=27","title":{"rendered":"O \u0161kole"},"content":{"rendered":"\n<div class=\"wp-block-columns is-layout-flex wp-container-core-columns-is-layout-9d6595d7 wp-block-columns-is-layout-flex\">\n<div class=\"wp-block-column is-layout-flow wp-block-column-is-layout-flow\" style=\"flex-basis:66.66%\">\n<p><strong>Matersk\u00e1 \u0161kola Univerzity veterin\u00e1rskeho lek\u00e1rstva a farm\u00e1cie v&nbsp;Ko\u0161iciach<\/strong> za\u010d\u00edna p\u00edsa\u0165 svoju hist\u00f3riu 1. septembra 2024. Univerzita vznikla u\u017e pred 75 rokmi, v&nbsp;tento de\u0148 sa v&nbsp;nej ale bud\u00fa prv\u00fdkr\u00e1t hra\u0165 deti! Na\u0161\u00edm z\u00e1merom je vyu\u017ei\u0165 v\u0161etky prednosti a&nbsp;osobitosti univerzity, ktor\u00e9 vypl\u00fdvaj\u00fa jednak z&nbsp;jej zamerania, jednak z&nbsp;jej umiestnenia v&nbsp;historickom are\u00e1li s&nbsp;parkom, ktor\u00fd je n\u00e1rodnou kult\u00farnou pamiatkou.<\/p>\n\n\n\n<p>Univerzita veterin\u00e1rskeho lek\u00e1rstva a farm\u00e1cie v Ko\u0161iciach<strong> s<\/strong>a zvykne skr\u00e1tene naz\u00fdva\u0165 aj Veterina. Pomenovanie jej materskej \u0161koly pre na\u0161ich najmen\u0161\u00edch \u201e\u0161tudentov\u201c <strong>VETERINKA<\/strong> bolo u\u017e len logick\u00e9&#8230;<\/p>\n<\/div>\n\n\n\n<div class=\"wp-block-column is-layout-flow wp-block-column-is-layout-flow\" style=\"flex-basis:33.33%\">\n<figure class=\"wp-block-image size-large is-resized\"><img loading=\"lazy\" decoding=\"async\" width=\"1000\" height=\"820\" src=\"https:\/\/veterinka.uvlf.sk\/wp-content\/uploads\/2024\/05\/logo3.svg\" alt=\"\" class=\"wp-image-126\" style=\"width:204px;height:auto\"\/><\/figure>\n<\/div>\n<\/div>\n\n\n\n<p>VETERINKA pon\u00faka v&nbsp;jednej triede komorn\u00e9 a&nbsp;podnetn\u00e9 podmienky pre 20 det\u00ed.<\/p>\n\n\n\n<h2 class=\"wp-block-heading\"><strong>V&nbsp;\u010dom sme v\u00fdnimo\u010dn\u00ed? <\/strong><strong>V&nbsp;stanoven\u00ed vlastn\u00fdch cie\u013eov!<\/strong> <strong><\/strong><\/h2>\n\n\n\n<p>A&nbsp;to znamen\u00e1:<\/p>\n\n\n\n<ul class=\"wp-block-list\">\n<li>Vyu\u017ei\u0165 osobitosti na\u0161ej univerzity pri realiz\u00e1cii v\u0161etk\u00fdch eduka\u010dn\u00fdch aktiv\u00edt. V duchu koncepcie Jeden svet \u2013 jedno zdravie de\u0165om viac pribl\u00ed\u017ei\u0165 pr\u00edrodu, svet zvierat, lie\u010div\u00fdch rastl\u00edn, zdrav\u00fdch potrav\u00edn, a to v\u0161etko v priamej s\u00favislosti so zdrav\u00edm \u013eud\u00ed.<\/li>\n\n\n\n<li>Nadob\u00fada\u0165 poznatky prostredn\u00edctvom z\u00e1\u017eitkov\u00e9ho u\u010denia, prostredn\u00edctvom sk\u00famania, pozorovania a experimentov s vyu\u017eit\u00edm viacer\u00fdch dostupn\u00fdch materi\u00e1lnych a priestorov\u00fdch zdrojov, ktor\u00e9 pon\u00faka v\u00fdskumne orientovan\u00e1 univerzita.<\/li>\n\n\n\n<li>Vyu\u017ei\u0165 podnetn\u00e9 prostredie univerzity tak, aby sa deti d\u00f4sledne zaoberali t\u00e9mou pr\u00edrody a \u017eivotn\u00e9ho prostredia, rozv\u00edjali environment\u00e1lne c\u00edtenie, nadob\u00fadali vedomosti a schopnosti ekologicky myslie\u0165 a kona\u0165.<\/li>\n\n\n\n<li>Formova\u0165 u det\u00ed n\u00e1vyky s\u00favisiace so zdrav\u00fdm \u017eivotn\u00fdm \u0161t\u00fdlom, budova\u0165 u nich podvedomie o potrebe ochrany vlastn\u00e9ho zdravia i zdravia ostatn\u00fdch. V\u00fdznamne pri tom vyu\u017ei\u0165 zameranie \u0161koly v oblasti hygieny potrav\u00edn pri formovan\u00ed poznania o zdrav\u00fdch potravin\u00e1ch a zdrav\u00fdch jedl\u00e1ch.&nbsp;<\/li>\n\n\n\n<li>Realizova\u0165 vzdel\u00e1vacie aktivity \u010do najviac v externom prostred\u00ed, v univerzitnom parku a v okol\u00ed M\u0160.<\/li>\n\n\n\n<li>Vytv\u00e1ra\u0165 vhodn\u00e9 podmienky pre zv\u00fd\u0161en\u00fd pohyb det\u00ed najm\u00e4 na \u010derstvom vzduchu, vies\u0165 ich k pozit\u00edvnemu postoju k pohybov\u00fdm aktivit\u00e1m, k \u0161portu a turistike, a to aj organizovan\u00edm \u0161portov\u00fdch aktiv\u00edt a v\u00fdletov do pr\u00edrody v \u00fazkej spolupr\u00e1ci s rodi\u010dmi.<\/li>\n\n\n\n<li>Rozv\u00edja\u0165 spolupr\u00e1cu s rodi\u010dmi realizovan\u00edm spolo\u010dn\u00fdch spolo\u010densk\u00fdch, vzdel\u00e1vac\u00edch a \u0161portov\u00fdch akci\u00ed a akt\u00edvnym zap\u00e1jan\u00edm rodi\u010dov do spolo\u010dn\u00fdch aktiv\u00edt prehlbova\u0165&nbsp; vz\u0165ah rodi\u010dov a det\u00ed s materskou \u0161kolou.<\/li>\n\n\n\n<li>Vo v\u00fdchove a vzdel\u00e1van\u00ed vyu\u017e\u00edva\u0165 digit\u00e1lne technol\u00f3gie&nbsp; vo v\u0161etk\u00fdch oblastiach u\u010denia sa.<\/li>\n<\/ul>\n\n\n\n<h3 class=\"wp-block-heading\"><strong>A&nbsp;ak chcete e\u0161te podrobnej\u0161ie&#8230;<\/strong><\/h3>\n\n\n\n<p>Univerzita veterin\u00e1rskeho lek\u00e1rstva a farm\u00e1cie v Ko\u0161iciach ako vysok\u00e1 \u0161kola&nbsp; zabezpe\u010duje najm\u00e4 \u0161t\u00fadium v\u0161eobecn\u00e9ho veterin\u00e1rskeho lek\u00e1rstva, hygieny potrav\u00edn a farm\u00e1cie. Svojou unik\u00e1tnou orient\u00e1ciou \u0161tudijn\u00fdch programov nap\u013a\u0148a novodob\u00fd koncept JEDEN SVET \u2013 JEDNO ZDRAVIE, ktor\u00fd zd\u00f4raz\u0148uje vz\u00e1jomn\u00fd vz\u0165ah medzi zdrav\u00edm zvierat, zdrav\u00edm \u013eud\u00ed a kvalitou \u017eivotn\u00e9ho prostredia. A pr\u00e1ve t\u00e1to jedine\u010dnos\u0165 stoj\u00ed v centre vlastn\u00fdch z\u00e1merov pri v\u00fdchove a vzdel\u00e1van\u00ed det\u00ed pred\u0161kolsk\u00e9ho veku.<\/p>\n\n\n\n<p>Vz\u0165ah k fl\u00f3re i faune maj\u00fa deti mo\u017enos\u0165 pestova\u0165 ka\u017edodenne, nen\u00e1silnou a nevtieravou formou, ke\u010f\u017ee matersk\u00e1 \u0161kola je v centre are\u00e1lu, v ktorom je v\u00fdskyt zvierat v\u0161etk\u00fdch druhov&nbsp; \u00faplne be\u017en\u00fd.&nbsp; Mimoriadny priestor na nap\u013a\u0148anie vlastn\u00fdch cie\u013eov materskej \u0161koly pon\u00faka&nbsp; centrum klinick\u00fdch zru\u010dnost\u00ed, v ktorom sa nach\u00e1dzaj\u00fa makety r\u00f4znych zvierat, na ktor\u00fdch sa d\u00e1 bezpe\u010dne demon\u0161trova\u0165 starostlivos\u0165 o zvierat\u00e1. V are\u00e1li je z\u00e1hrada lie\u010div\u00fdch rastl\u00edn, o ktor\u00fa sa staraj\u00fa \u0161tudenti farm\u00e1cie,&nbsp; ktor\u00e1 de\u0165om nielen pribli\u017euje svet lie\u010div\u00fdch rastl\u00edn, ale sl\u00fa\u017ei ako spojivo pri ch\u00e1pan\u00ed prepojenia zdravia zvierat a zdravia \u013eud\u00ed.<\/p>\n\n\n\n<p>Ve\u013ekou dev\u00edzou univerzity s\u00fa jej \u00fa\u010delov\u00e9 zariadenia. Predov\u0161etk\u00fdm je to \u0161kolsk\u00e1 farma v Zempl\u00ednskej Teplici, \u00da\u010delov\u00e9 zariadenie pre chov a choroby zveri,&nbsp; r\u00fdb a v\u010diel v Rozhanovciach \u010di jazdeck\u00fd are\u00e1l v \u0161ir\u0161om centre Ko\u0161\u00edc. Tieto \u00fa\u010delov\u00e9 zariadenia pon\u00fakaj\u00fa \u0161irok\u00e9 mo\u017enosti vyu\u017eitia nielen na v\u00fdchovu a vzdel\u00e1vanie, ale aj ako cie\u013e v\u00fdletov a r\u00f4znych aktiv\u00edt, a to aj so zapojen\u00edm rodi\u010dov det\u00ed.<\/p>\n\n\n\n<p>\u0160tudenti univerzity maj\u00fa mo\u017enos\u0165 pom\u00f4c\u0165 zvierat\u00e1m a z\u00e1rove\u0148 \u0161ancu uplatni\u0165 poznatky zo \u0161t\u00fadia v mnoh\u00fdch z\u00e1ujmov\u00fdch kluboch. Viacer\u00e9 kynologick\u00e9 kluby sp\u00e1jaj\u00fa nad\u0161en\u00fdch milovn\u00edkov psov, svoj klub maj\u00fa aj pre milovn\u00edci ma\u010diek. Milovn\u00edci exotick\u00fdch zvierat, plazov&nbsp; a akv\u00e1riov\u00fdch r\u00fdb sa zdru\u017euj\u00fa v Aqua Terra klube. Unik\u00e1tnym je aj klub sokoliarstva a rehabilit\u00e1cie dravcov. Svoje kluby s bohatou \u010dinnos\u0165ou maj\u00fa \u0161tudenti farm\u00e1cie, v\u010del\u00e1ri, chovatelia ko\u017eu\u0161inov\u00fdch zvierat a hydiny, mal\u00fdch cicavcov a exotick\u00fdch vt\u00e1kov.&nbsp; V\u0161etky tieto kluby roz\u0161iruj\u00fa osobit\u00fa ponuku na\u0161ej materskej \u0161koly pri&nbsp; v\u00fdchove a vzdel\u00e1van\u00ed det\u00ed, ke\u010f\u017ee sa pravidelne podie\u013eaj\u00fa na organiz\u00e1cii podujat\u00ed pre deti na\u0161ich zamestnancov a \u0161tudentov, ale aj matersk\u00e9 \u0161koly z cel\u00e9ho mesta i obyvate\u013eov Ko\u0161\u00edc.<\/p>\n\n\n\n<p>Z\u00e1mer zv\u00fdrazni\u0165 environment\u00e1lny rozmer v\u00fdchovy a vzdel\u00e1vania det\u00ed podporuje aj cel\u00fd oploten\u00fd are\u00e1l s rozsiahlym parkom a vz\u00e1cnymi drevinami, bohat\u00fdm kvetenstvom, sklen\u00edkom, font\u00e1nami a pod.&nbsp; Are\u00e1l s pamiatkovo chr\u00e1nen\u00fdmi budovami pon\u00faka podnetn\u00e9 prostredie na rozv\u00edjanie \u00facty ku kult\u00farnym a n\u00e1rodn\u00fdm hodnot\u00e1m.<\/p>\n\n\n\n<h3 class=\"wp-block-heading\"><strong>A&nbsp;na z\u00e1ver&#8230;<\/strong><\/h3>\n\n\n\n<p>Samozrejme, ciele v\u00fdchovy a vzdel\u00e1vania vych\u00e1dzaj\u00fa zo \u0160t\u00e1tneho vzdel\u00e1vacieho programu pre predprim\u00e1rne vzdel\u00e1vanie v matersk\u00fdch \u0161kol\u00e1ch, vn\u00fatorn\u00fdch a vonkaj\u0161\u00edch podmienok materskej \u0161koly. Matersk\u00e1 \u0161kola podporuje osobn\u00fd rozvoj det\u00ed v oblasti socio-emocion\u00e1lnej, intelektu\u00e1lnej, telesnej, mor\u00e1lnej, estetickej, rozv\u00edja schopnosti a zru\u010dnosti, utv\u00e1ra predpoklady na \u010fal\u0161ie vzdel\u00e1vanie det\u00ed. Pripravuje deti na \u017eivot v spolo\u010dnosti v s\u00falade s vekov\u00fdmi a individu\u00e1lnymi osobitos\u0165ami det\u00ed.<\/p>\n\n\n\n<p>Matersk\u00e1 \u0161kola Univerzity veterin\u00e1rskeho lek\u00e1rstva a farm\u00e1cie v&nbsp;Ko\u0161iciach a&nbsp;V\u00fddajn\u00e1 \u0161kolsk\u00e1 jed\u00e1le\u0148, Komensk\u00e9ho 73, boli rozhodnut\u00edm Ministerstva \u0161kolstva, vedy, v\u00fdvoja a&nbsp;ml\u00e1de\u017ee Slovenskej republiky zaraden\u00e9 do siete \u0161k\u00f4l a&nbsp;\u0161kolsk\u00fdch zariaden\u00ed. <\/p>\n\n\n\n<p><\/p>\n\n\n\n<p><\/p>\n\n\n\n<p><\/p>\n","protected":false},"excerpt":{"rendered":"<p>Matersk\u00e1 \u0161kola Univerzity veterin\u00e1rskeho lek\u00e1rstva a farm\u00e1cie v&nbsp;Ko\u0161iciach za\u010d\u00edna p\u00edsa\u0165 svoju hist\u00f3riu 1. septembra 2024. Univerzita vznikla u\u017e pred 75 rokmi, v&nbsp;tento de\u0148 sa v&nbsp;nej [&hellip;]<\/p>\n","protected":false},"author":1,"featured_media":184,"parent":0,"menu_order":0,"comment_status":"closed","ping_status":"closed","template":"","meta":{"inline_featured_image":false,"footnotes":""},"class_list":["post-27","page","type-page","status-publish","has-post-thumbnail","hentry"],"_links":{"self":[{"href":"https:\/\/veterinka.uvlf.sk\/index.php?rest_route=\/wp\/v2\/pages\/27","targetHints":{"allow":["GET"]}}],"collection":[{"href":"https:\/\/veterinka.uvlf.sk\/index.php?rest_route=\/wp\/v2\/pages"}],"about":[{"href":"https:\/\/veterinka.uvlf.sk\/index.php?rest_route=\/wp\/v2\/types\/page"}],"author":[{"embeddable":true,"href":"https:\/\/veterinka.uvlf.sk\/index.php?rest_route=\/wp\/v2\/users\/1"}],"replies":[{"embeddable":true,"href":"https:\/\/veterinka.uvlf.sk\/index.php?rest_route=%2Fwp%2Fv2%2Fcomments&post=27"}],"version-history":[{"count":8,"href":"https:\/\/veterinka.uvlf.sk\/index.php?rest_route=\/wp\/v2\/pages\/27\/revisions"}],"predecessor-version":[{"id":294,"href":"https:\/\/veterinka.uvlf.sk\/index.php?rest_route=\/wp\/v2\/pages\/27\/revisions\/294"}],"wp:featuredmedia":[{"embeddable":true,"href":"https:\/\/veterinka.uvlf.sk\/index.php?rest_route=\/wp\/v2\/media\/184"}],"wp:attachment":[{"href":"https:\/\/veterinka.uvlf.sk\/index.php?rest_route=%2Fwp%2Fv2%2Fmedia&parent=27"}],"curies":[{"name":"wp","href":"https:\/\/api.w.org\/{rel}","templated":true}]}}