{"id":10,"date":"2024-04-30T13:08:06","date_gmt":"2024-04-30T11:08:06","guid":{"rendered":"https:\/\/veterinka.uvlf.sk\/?page_id=10"},"modified":"2025-05-01T13:19:02","modified_gmt":"2025-05-01T11:19:02","slug":"poplatky","status":"publish","type":"page","link":"https:\/\/veterinka.uvlf.sk\/?page_id=10","title":{"rendered":"Poplatky"},"content":{"rendered":"\n<h2 class=\"wp-block-heading\"><strong>Poplatky v materskej \u0161kole Veterinka<\/strong><\/h2>\n\n\n\n<figure class=\"wp-block-table is-style-stripes\"><table><tbody><tr><td>deti zamestnancov,&nbsp;\u0161tudentov a&nbsp;doktorandov nad 3 roky<\/td><td>100 \u20ac<\/td><\/tr><tr><td>deti zamestnancov,&nbsp;\u0161tudentov a&nbsp;doktorandov do 3 rokov<\/td><td>150 \u20ac<\/td><\/tr><tr><td>deti, ktor\u00fdch rodi\u010dia nie s\u00fa zamestnancami, \u0161tudentmi a&nbsp;doktorandmi UVLF v Ko\u0161iciach nad 3 roky<\/td><td>150 \u20ac<\/td><\/tr><tr><td>deti, ktor\u00fdch rodi\u010dia nie s\u00fa zamestnancami, \u0161tudentmi a&nbsp;doktorandmi UVLF v Ko\u0161iciach do 3 rokov<\/td><td>200 \u20ac<\/td><\/tr><\/tbody><\/table><\/figure>\n\n\n\n<p><\/p>\n","protected":false},"excerpt":{"rendered":"<p>Poplatky v materskej \u0161kole Veterinka deti zamestnancov,&nbsp;\u0161tudentov a&nbsp;doktorandov nad 3 roky 100 \u20ac deti zamestnancov,&nbsp;\u0161tudentov a&nbsp;doktorandov do 3 rokov 150 \u20ac deti, ktor\u00fdch rodi\u010dia nie [&hellip;]<\/p>\n","protected":false},"author":1,"featured_media":50,"parent":27,"menu_order":0,"comment_status":"closed","ping_status":"closed","template":"","meta":{"inline_featured_image":false,"footnotes":""},"class_list":["post-10","page","type-page","status-publish","has-post-thumbnail","hentry"],"_links":{"self":[{"href":"https:\/\/veterinka.uvlf.sk\/index.php?rest_route=\/wp\/v2\/pages\/10","targetHints":{"allow":["GET"]}}],"collection":[{"href":"https:\/\/veterinka.uvlf.sk\/index.php?rest_route=\/wp\/v2\/pages"}],"about":[{"href":"https:\/\/veterinka.uvlf.sk\/index.php?rest_route=\/wp\/v2\/types\/page"}],"author":[{"embeddable":true,"href":"https:\/\/veterinka.uvlf.sk\/index.php?rest_route=\/wp\/v2\/users\/1"}],"replies":[{"embeddable":true,"href":"https:\/\/veterinka.uvlf.sk\/index.php?rest_route=%2Fwp%2Fv2%2Fcomments&post=10"}],"version-history":[{"count":5,"href":"https:\/\/veterinka.uvlf.sk\/index.php?rest_route=\/wp\/v2\/pages\/10\/revisions"}],"predecessor-version":[{"id":300,"href":"https:\/\/veterinka.uvlf.sk\/index.php?rest_route=\/wp\/v2\/pages\/10\/revisions\/300"}],"up":[{"embeddable":true,"href":"https:\/\/veterinka.uvlf.sk\/index.php?rest_route=\/wp\/v2\/pages\/27"}],"wp:featuredmedia":[{"embeddable":true,"href":"https:\/\/veterinka.uvlf.sk\/index.php?rest_route=\/wp\/v2\/media\/50"}],"wp:attachment":[{"href":"https:\/\/veterinka.uvlf.sk\/index.php?rest_route=%2Fwp%2Fv2%2Fmedia&parent=10"}],"curies":[{"name":"wp","href":"https:\/\/api.w.org\/{rel}","templated":true}]}}